{"id":3498,"date":"2025-01-27T10:32:05","date_gmt":"2025-01-27T13:32:05","guid":{"rendered":"https:\/\/saudecajati.com.br\/?page_id=3498"},"modified":"2025-01-27T10:33:05","modified_gmt":"2025-01-27T13:33:05","slug":"pronto-atendimento","status":"publish","type":"page","link":"https:\/\/saudecajati.com.br\/index.php\/pronto-atendimento\/","title":{"rendered":"Pronto Atendimento"},"content":{"rendered":"\t\t<div data-elementor-type=\"wp-page\" data-elementor-id=\"3498\" class=\"elementor elementor-3498\">\n\t\t\t\t<div class=\"elementor-element elementor-element-c5a85fc e-grid e-con-boxed e-con e-parent\" data-id=\"c5a85fc\" data-element_type=\"container\" data-settings=\"{&quot;background_background&quot;:&quot;classic&quot;}\">\n\t\t\t\t\t<div class=\"e-con-inner\">\n\t\t\t\t<div class=\"elementor-element elementor-element-fe9b81a elementor-align-center elementor-icon-list--layout-traditional elementor-list-item-link-full_width elementor-invisible elementor-widget elementor-widget-icon-list\" data-id=\"fe9b81a\" data-element_type=\"widget\" data-settings=\"{&quot;_animation&quot;:&quot;slideInDown&quot;}\" data-widget_type=\"icon-list.default\">\n\t\t\t\t<div class=\"elementor-widget-container\">\n\t\t\t\t\t\t\t<ul class=\"elementor-icon-list-items\">\n\t\t\t\t\t\t\t<li class=\"elementor-icon-list-item\">\n\t\t\t\t\t\t\t\t\t\t<span class=\"elementor-icon-list-text\">Pronto Atendimento - Reynaldo Guerra<\/span>\n\t\t\t\t\t\t\t\t\t<\/li>\n\t\t\t\t\t\t<\/ul>\n\t\t\t\t\t\t<\/div>\n\t\t\t\t<\/div>\n\t\t\t\t\t<\/div>\n\t\t\t\t<\/div>\n\t\t<div class=\"elementor-element elementor-element-6e265be e-flex e-con-boxed e-con e-parent\" data-id=\"6e265be\" data-element_type=\"container\">\n\t\t\t\t\t<div class=\"e-con-inner\">\n\t\t<div class=\"elementor-element elementor-element-e640102 e-con-full e-flex e-con e-child\" data-id=\"e640102\" data-element_type=\"container\">\n\t\t\t\t<div class=\"elementor-element elementor-element-2bd9211 elementor-widget elementor-widget-image\" data-id=\"2bd9211\" data-element_type=\"widget\" data-widget_type=\"image.default\">\n\t\t\t\t<div class=\"elementor-widget-container\">\n\t\t\t\t\t\t\t\t\t\t\t\t\t\t\t<img fetchpriority=\"high\" decoding=\"async\" width=\"300\" height=\"350\" src=\"https:\/\/saudecajati.com.br\/wp-content\/uploads\/2024\/10\/6.jpg\" class=\"attachment-2048x2048 size-2048x2048 wp-image-288\" alt=\"\" srcset=\"https:\/\/saudecajati.com.br\/wp-content\/uploads\/2024\/10\/6.jpg 300w, https:\/\/saudecajati.com.br\/wp-content\/uploads\/2024\/10\/6-257x300.jpg 257w\" sizes=\"(max-width: 300px) 100vw, 300px\" \/>\t\t\t\t\t\t\t\t\t\t\t\t\t\t\t<\/div>\n\t\t\t\t<\/div>\n\t\t\t\t<\/div>\n\t\t<div class=\"elementor-element elementor-element-09d53f0 e-con-full e-flex e-con e-child\" data-id=\"09d53f0\" data-element_type=\"container\">\n\t\t\t\t<div class=\"elementor-element elementor-element-d20509d elementor-widget elementor-widget-google_maps\" data-id=\"d20509d\" data-element_type=\"widget\" data-widget_type=\"google_maps.default\">\n\t\t\t\t<div class=\"elementor-widget-container\">\n\t\t\t\t\t\t\t<div class=\"elementor-custom-embed\">\n\t\t\t<iframe loading=\"lazy\"\n\t\t\t\t\tsrc=\"https:\/\/maps.google.com\/maps?q=hoapital%20de%20cajati&#038;t=m&#038;z=16&#038;output=embed&#038;iwloc=near\"\n\t\t\t\t\ttitle=\"hoapital de cajati\"\n\t\t\t\t\taria-label=\"hoapital de cajati\"\n\t\t\t><\/iframe>\n\t\t<\/div>\n\t\t\t\t\t\t<\/div>\n\t\t\t\t<\/div>\n\t\t\t\t<\/div>\n\t\t<div class=\"elementor-element elementor-element-a3c95a9 e-con-full e-flex e-con e-child\" data-id=\"a3c95a9\" data-element_type=\"container\">\n\t\t\t\t<div class=\"elementor-element elementor-element-11b92d2 elementor-widget elementor-widget-text-editor\" data-id=\"11b92d2\" data-element_type=\"widget\" data-widget_type=\"text-editor.default\">\n\t\t\t\t<div class=\"elementor-widget-container\">\n\t\t\t\t\t\t\t\t\t\n\n\n    \n    \n    <title>Informa\u00e7\u00f5es Hospital<\/title>\n    \n        body {\n            font-family: Arial, sans-serif;\n            background-color: #F0F4F4; \/* Cor de fundo clara *\/\n            margin: 0;\n            padding: 20px;\n            color: #54595F; \/* Cor do texto *\/\n        }\n        h1 {\n            color: #39CABD; \/* Cor do t\u00edtulo *\/\n        }\n        p {\n            font-size: 16px;\n            line-height: 1.6;\n        }\n        .info {\n            background-color: #39CABD; \/* Cor de fundo para destaque *\/\n            color: white;\n            padding: 10px;\n            border-radius: 5px;\n        }\n        a {\n            color: white;\n            text-decoration: none;\n        }\n    \n\n\n    <h1>Informa\u00e7\u00f5es de Contato<\/h1>\n\n    <div class=\"info\">\n        <p><strong>CNES:<\/strong> 2078805<\/p>\n        <p><strong>Endere\u00e7o:<\/strong> Rua Antonio Domingues Brecho, 116 &#8211; Centro &#8211; Cajati-SP<\/p>\n        <p><strong>Telefone:<\/strong> 13 3854-8500<\/p>\n        <p><strong>Email da Unidade:<\/strong> <a href=\"mailto:prontoatendimento@cajati.sp.gov.br\">prontoatendimento@cajati.sp.gov.br<\/a><\/p>\n        <p><strong>Email da Enfermeira:<\/strong> <a href=\"mailto:coordenacaoenf.parg.cajati@gmail.com\">coordenacaoenf.parg.cajati@gmail.com<\/a><\/p>\n    <\/div>\n\n\t\t\t\t\t\t\t\t<\/div>\n\t\t\t\t<\/div>\n\t\t\t\t<\/div>\n\t\t\t\t\t<\/div>\n\t\t\t\t<\/div>\n\t\t\t\t<\/div>\n\t\t","protected":false},"excerpt":{"rendered":"<p>Pronto Atendimento &#8211; Reynaldo Guerra Informa\u00e7\u00f5es Hospital Informa\u00e7\u00f5es de Contato CNES: 2078805 Endere\u00e7o: Rua Antonio Domingues Brecho, 116 &#8211; Centro &#8211; Cajati-SP Telefone: 13 3854-8500 Email da Unidade: prontoatendimento@cajati.sp.gov.br Email da Enfermeira: coordenacaoenf.parg.cajati@gmail.com<\/p>\n","protected":false},"author":1,"featured_media":0,"parent":0,"menu_order":0,"comment_status":"closed","ping_status":"closed","template":"elementor_header_footer","meta":{"inline_featured_image":false,"footnotes":""},"class_list":["post-3498","page","type-page","status-publish","hentry"],"_links":{"self":[{"href":"https:\/\/saudecajati.com.br\/index.php\/wp-json\/wp\/v2\/pages\/3498","targetHints":{"allow":["GET"]}}],"collection":[{"href":"https:\/\/saudecajati.com.br\/index.php\/wp-json\/wp\/v2\/pages"}],"about":[{"href":"https:\/\/saudecajati.com.br\/index.php\/wp-json\/wp\/v2\/types\/page"}],"author":[{"embeddable":true,"href":"https:\/\/saudecajati.com.br\/index.php\/wp-json\/wp\/v2\/users\/1"}],"replies":[{"embeddable":true,"href":"https:\/\/saudecajati.com.br\/index.php\/wp-json\/wp\/v2\/comments?post=3498"}],"version-history":[{"count":5,"href":"https:\/\/saudecajati.com.br\/index.php\/wp-json\/wp\/v2\/pages\/3498\/revisions"}],"predecessor-version":[{"id":3510,"href":"https:\/\/saudecajati.com.br\/index.php\/wp-json\/wp\/v2\/pages\/3498\/revisions\/3510"}],"wp:attachment":[{"href":"https:\/\/saudecajati.com.br\/index.php\/wp-json\/wp\/v2\/media?parent=3498"}],"curies":[{"name":"wp","href":"https:\/\/api.w.org\/{rel}","templated":true}]}}