{"id":1972,"date":"2024-11-17T21:15:59","date_gmt":"2024-11-18T00:15:59","guid":{"rendered":"https:\/\/saudecajati.com.br\/?page_id=1972"},"modified":"2024-11-17T21:16:39","modified_gmt":"2024-11-18T00:16:39","slug":"pre-natal-e-gestacao","status":"publish","type":"page","link":"https:\/\/saudecajati.com.br\/index.php\/pre-natal-e-gestacao\/","title":{"rendered":"Pr\u00e9-Natal e Gesta\u00e7\u00e3o"},"content":{"rendered":"\t\t<div data-elementor-type=\"wp-page\" data-elementor-id=\"1972\" class=\"elementor elementor-1972\">\n\t\t\t\t<div class=\"elementor-element elementor-element-c5a85fc e-grid e-con-boxed e-con e-parent\" data-id=\"c5a85fc\" data-element_type=\"container\" data-settings=\"{&quot;background_background&quot;:&quot;classic&quot;}\">\n\t\t\t\t\t<div class=\"e-con-inner\">\n\t\t\t\t<div class=\"elementor-element elementor-element-fe9b81a elementor-align-center elementor-icon-list--layout-traditional elementor-list-item-link-full_width elementor-invisible elementor-widget elementor-widget-icon-list\" data-id=\"fe9b81a\" data-element_type=\"widget\" data-settings=\"{&quot;_animation&quot;:&quot;slideInDown&quot;}\" data-widget_type=\"icon-list.default\">\n\t\t\t\t<div class=\"elementor-widget-container\">\n\t\t\t\t\t\t\t<ul class=\"elementor-icon-list-items\">\n\t\t\t\t\t\t\t<li class=\"elementor-icon-list-item\">\n\t\t\t\t\t\t\t\t\t\t<span class=\"elementor-icon-list-text\">Pr\u00e9-Natal e Gesta\u00e7\u00e3o<\/span>\n\t\t\t\t\t\t\t\t\t<\/li>\n\t\t\t\t\t\t<\/ul>\n\t\t\t\t\t\t<\/div>\n\t\t\t\t<\/div>\n\t\t\t\t\t<\/div>\n\t\t\t\t<\/div>\n\t\t<div class=\"elementor-element elementor-element-1ce9de0 e-grid e-con-boxed e-con e-parent\" data-id=\"1ce9de0\" data-element_type=\"container\">\n\t\t\t\t\t<div class=\"e-con-inner\">\n\t\t\t\t<div class=\"elementor-element elementor-element-d73a6ed elementor-widget elementor-widget-html\" data-id=\"d73a6ed\" data-element_type=\"widget\" data-widget_type=\"html.default\">\n\t\t\t\t<div class=\"elementor-widget-container\">\n\t\t\t\t\t<iframe width=\"100%\" height=\"950px aria-disabled=\"true\" tabindex=\"-1\" src=\"https:\/\/drive.google.com\/embeddedfolderview?authuser=0&amp;id=1dVLOWQaSm575vcrA8TC3owa8n1FugAZJ#grid\"><\/iframe>\n\t\t\t\t<\/div>\n\t\t\t\t<\/div>\n\t\t\t\t\t<\/div>\n\t\t\t\t<\/div>\n\t\t\t\t<\/div>\n\t\t","protected":false},"excerpt":{"rendered":"<p>Pr\u00e9-Natal e Gesta\u00e7\u00e3o<\/p>\n","protected":false},"author":1,"featured_media":0,"parent":0,"menu_order":0,"comment_status":"closed","ping_status":"closed","template":"elementor_header_footer","meta":{"inline_featured_image":false,"footnotes":""},"class_list":["post-1972","page","type-page","status-publish","hentry"],"_links":{"self":[{"href":"https:\/\/saudecajati.com.br\/index.php\/wp-json\/wp\/v2\/pages\/1972","targetHints":{"allow":["GET"]}}],"collection":[{"href":"https:\/\/saudecajati.com.br\/index.php\/wp-json\/wp\/v2\/pages"}],"about":[{"href":"https:\/\/saudecajati.com.br\/index.php\/wp-json\/wp\/v2\/types\/page"}],"author":[{"embeddable":true,"href":"https:\/\/saudecajati.com.br\/index.php\/wp-json\/wp\/v2\/users\/1"}],"replies":[{"embeddable":true,"href":"https:\/\/saudecajati.com.br\/index.php\/wp-json\/wp\/v2\/comments?post=1972"}],"version-history":[{"count":4,"href":"https:\/\/saudecajati.com.br\/index.php\/wp-json\/wp\/v2\/pages\/1972\/revisions"}],"predecessor-version":[{"id":1976,"href":"https:\/\/saudecajati.com.br\/index.php\/wp-json\/wp\/v2\/pages\/1972\/revisions\/1976"}],"wp:attachment":[{"href":"https:\/\/saudecajati.com.br\/index.php\/wp-json\/wp\/v2\/media?parent=1972"}],"curies":[{"name":"wp","href":"https:\/\/api.w.org\/{rel}","templated":true}]}}