{"id":1442,"date":"2024-11-17T00:58:33","date_gmt":"2024-11-17T03:58:33","guid":{"rendered":"https:\/\/saudecajati.com.br\/?page_id=1442"},"modified":"2025-09-01T13:31:35","modified_gmt":"2025-09-01T16:31:35","slug":"usuario-da-saude","status":"publish","type":"page","link":"https:\/\/saudecajati.com.br\/index.php\/usuario-da-saude\/","title":{"rendered":"Usu\u00e1rio da sa\u00fade"},"content":{"rendered":"\t\t<div data-elementor-type=\"wp-page\" data-elementor-id=\"1442\" class=\"elementor elementor-1442\">\n\t\t\t\t<div class=\"elementor-element elementor-element-c5a85fc e-flex e-con-boxed e-con e-parent\" data-id=\"c5a85fc\" data-element_type=\"container\">\n\t\t\t\t\t<div class=\"e-con-inner\">\n\t\t\t\t<div class=\"elementor-element elementor-element-fe9b81a elementor-align-center elementor-icon-list--layout-traditional elementor-list-item-link-full_width elementor-invisible elementor-widget elementor-widget-icon-list\" data-id=\"fe9b81a\" data-element_type=\"widget\" data-settings=\"{&quot;_animation&quot;:&quot;slideInDown&quot;}\" data-widget_type=\"icon-list.default\">\n\t\t\t\t<div class=\"elementor-widget-container\">\n\t\t\t\t\t\t\t<ul class=\"elementor-icon-list-items\">\n\t\t\t\t\t\t\t<li class=\"elementor-icon-list-item\">\n\t\t\t\t\t\t\t\t\t\t<span class=\"elementor-icon-list-text\">Usu\u00e1rio da sa\u00fade<\/span>\n\t\t\t\t\t\t\t\t\t<\/li>\n\t\t\t\t\t\t<\/ul>\n\t\t\t\t\t\t<\/div>\n\t\t\t\t<\/div>\n\t\t\t\t\t<\/div>\n\t\t\t\t<\/div>\n\t\t<div class=\"elementor-element elementor-element-42c65d6 e-flex e-con-boxed e-con e-parent\" data-id=\"42c65d6\" data-element_type=\"container\">\n\t\t\t\t\t<div class=\"e-con-inner\">\n\t\t\t\t<div class=\"elementor-element elementor-element-c510f5c e-n-tabs-mobile elementor-invisible elementor-widget elementor-widget-n-tabs\" data-id=\"c510f5c\" data-element_type=\"widget\" data-settings=\"{&quot;_animation&quot;:&quot;fadeIn&quot;,&quot;horizontal_scroll&quot;:&quot;disable&quot;}\" data-widget_type=\"nested-tabs.default\">\n\t\t\t\t<div class=\"elementor-widget-container\">\n\t\t\t\t\t\t\t<div class=\"e-n-tabs\" data-widget-number=\"206638940\" aria-label=\"Abas. Abra itens com &quot;Enter&quot; ou &quot;Espa\u00e7o&quot;, feche com &quot;Escape&quot; e navegue usando as teclas de &quot;Seta&quot;.\">\n\t\t\t<div class=\"e-n-tabs-heading\" role=\"tablist\">\n\t\t\t\t\t<button id=\"e-n-tab-title-2066389401\" data-tab-title-id=\"e-n-tab-title-2066389401\" class=\"e-n-tab-title\" aria-selected=\"true\" data-tab-index=\"1\" role=\"tab\" tabindex=\"0\" aria-controls=\"e-n-tab-content-2066389401\" style=\"--n-tabs-title-order: 1;\">\n\t\t\t\t\t\t<span class=\"e-n-tab-title-text\">\n\t\t\t\tOUVIDORIA\t\t\t<\/span>\n\t\t<\/button>\n\t\t\t\t<button id=\"e-n-tab-title-2066389402\" data-tab-title-id=\"e-n-tab-title-2066389402\" class=\"e-n-tab-title\" aria-selected=\"false\" data-tab-index=\"2\" role=\"tab\" tabindex=\"-1\" aria-controls=\"e-n-tab-content-2066389402\" style=\"--n-tabs-title-order: 2;\">\n\t\t\t\t\t\t<span class=\"e-n-tab-title-text\">\n\t\t\t\tINFORMATIVOS\t\t\t<\/span>\n\t\t<\/button>\n\t\t\t\t<button id=\"e-n-tab-title-2066389403\" data-tab-title-id=\"e-n-tab-title-2066389403\" class=\"e-n-tab-title\" aria-selected=\"false\" data-tab-index=\"3\" role=\"tab\" tabindex=\"-1\" aria-controls=\"e-n-tab-content-2066389403\" style=\"--n-tabs-title-order: 3;\">\n\t\t\t\t\t\t<span class=\"e-n-tab-title-text\">\n\t\t\t\tMEDICAMENTOS\t\t\t<\/span>\n\t\t<\/button>\n\t\t\t\t\t<\/div>\n\t\t\t<div class=\"e-n-tabs-content\">\n\t\t\t\t<div id=\"e-n-tab-content-2066389401\" role=\"tabpanel\" aria-labelledby=\"e-n-tab-title-2066389401\" data-tab-index=\"1\" style=\"--n-tabs-title-order: 1;\" class=\"e-active elementor-element elementor-element-bde59a9 e-con-full e-grid e-con e-child\" data-id=\"bde59a9\" data-element_type=\"container\">\n\t\t\t\t<div class=\"elementor-element elementor-element-beee9d8 elementor-button-align-stretch elementor-widget elementor-widget-form\" data-id=\"beee9d8\" data-element_type=\"widget\" data-settings=\"{&quot;step_next_label&quot;:&quot;Pr\\u00f3ximo&quot;,&quot;step_previous_label&quot;:&quot;Anterior&quot;,&quot;button_width&quot;:&quot;100&quot;,&quot;step_type&quot;:&quot;number_text&quot;,&quot;step_icon_shape&quot;:&quot;circle&quot;}\" data-widget_type=\"form.default\">\n\t\t\t\t<div class=\"elementor-widget-container\">\n\t\t\t\t\t\t\t<form class=\"elementor-form\" method=\"post\" name=\"New Form\">\n\t\t\t<input type=\"hidden\" name=\"post_id\" value=\"1442\"\/>\n\t\t\t<input type=\"hidden\" name=\"form_id\" value=\"beee9d8\"\/>\n\t\t\t<input type=\"hidden\" name=\"referer_title\" value=\"\" \/>\n\n\t\t\t\n\t\t\t<div class=\"elementor-form-fields-wrapper elementor-labels-above\">\n\t\t\t\t\t\t\t\t<div class=\"elementor-field-type-text elementor-field-group elementor-column elementor-field-group-name elementor-col-100\">\n\t\t\t\t\t\t\t\t\t\t\t\t<label for=\"form-field-name\" class=\"elementor-field-label\">\n\t\t\t\t\t\t\t\tNome\t\t\t\t\t\t\t<\/label>\n\t\t\t\t\t\t\t\t\t\t\t\t\t\t<input size=\"1\" type=\"text\" name=\"form_fields[name]\" id=\"form-field-name\" class=\"elementor-field elementor-size-sm  elementor-field-textual\" placeholder=\"Nome\">\n\t\t\t\t\t\t\t\t\t\t\t<\/div>\n\t\t\t\t\t\t\t\t<div class=\"elementor-field-type-email elementor-field-group elementor-column elementor-field-group-email elementor-col-100 elementor-field-required elementor-mark-required\">\n\t\t\t\t\t\t\t\t\t\t\t\t<label for=\"form-field-email\" class=\"elementor-field-label\">\n\t\t\t\t\t\t\t\tEmail\t\t\t\t\t\t\t<\/label>\n\t\t\t\t\t\t\t\t\t\t\t\t\t\t<input size=\"1\" type=\"email\" name=\"form_fields[email]\" id=\"form-field-email\" class=\"elementor-field elementor-size-sm  elementor-field-textual\" placeholder=\"Email\" required=\"required\" aria-required=\"true\">\n\t\t\t\t\t\t\t\t\t\t\t<\/div>\n\t\t\t\t\t\t\t\t<div class=\"elementor-field-type-textarea elementor-field-group elementor-column elementor-field-group-message elementor-col-100\">\n\t\t\t\t\t\t\t\t\t\t\t\t<label for=\"form-field-message\" class=\"elementor-field-label\">\n\t\t\t\t\t\t\t\tMensagem\t\t\t\t\t\t\t<\/label>\n\t\t\t\t\t\t<textarea class=\"elementor-field-textual elementor-field  elementor-size-sm\" name=\"form_fields[message]\" id=\"form-field-message\" rows=\"4\" placeholder=\"Mensagem\"><\/textarea>\t\t\t\t<\/div>\n\t\t\t\t\t\t\t\t<div class=\"elementor-field-group elementor-column elementor-field-type-submit elementor-col-100 e-form__buttons\">\n\t\t\t\t\t<button type=\"submit\" class=\"elementor-button elementor-size-sm\">\n\t\t\t\t\t\t<span >\n\t\t\t\t\t\t\t\t\t\t\t\t\t\t\t<span class=\" elementor-button-icon\">\n\t\t\t\t\t\t\t\t\t\t\t\t\t\t\t\t\t\t\t\t\t\t\t\t\t\t<\/span>\n\t\t\t\t\t\t\t\t\t\t\t\t\t\t\t\t\t\t\t\t\t\t<span class=\"elementor-button-text\">Enviar<\/span>\n\t\t\t\t\t\t\t\t\t\t\t\t\t<\/span>\n\t\t\t\t\t<\/button>\n\t\t\t\t<\/div>\n\t\t\t<\/div>\n\t\t<\/form>\n\t\t\t\t\t\t<\/div>\n\t\t\t\t<\/div>\n\t\t\t\t<div class=\"elementor-element elementor-element-2de9fa5 elementor-widget elementor-widget-text-editor\" data-id=\"2de9fa5\" data-element_type=\"widget\" data-widget_type=\"text-editor.default\">\n\t\t\t\t<div class=\"elementor-widget-container\">\n\t\t\t\t\t\t\t\t\t<h3><br \/>Contato com a ouvidoria<\/h3><h6>(13) 3854 8500<br \/>Ramal 2151<\/h6><h6 class=\"elementor-heading-title elementor-size-default\">Rua Teodoro Ferreira Machado, SN<br \/>Cajati-SP<\/h6><h6>\u00a0<\/h6><h6 class=\"elementor-heading-title elementor-size-default\">Respons\u00e1vel: Jo\u00e3o Quintino<\/h6>\t\t\t\t\t\t\t\t<\/div>\n\t\t\t\t<\/div>\n\t\t\t\t<\/div>\n\t\t<div id=\"e-n-tab-content-2066389402\" role=\"tabpanel\" aria-labelledby=\"e-n-tab-title-2066389402\" data-tab-index=\"2\" style=\"--n-tabs-title-order: 2;\" class=\" elementor-element elementor-element-0af0b53 e-con-full e-grid e-con e-child\" data-id=\"0af0b53\" data-element_type=\"container\">\n\t\t\t\t<div class=\"elementor-element elementor-element-c572d5c gallery-spacing-custom elementor-widget elementor-widget-image-gallery\" data-id=\"c572d5c\" data-element_type=\"widget\" data-widget_type=\"image-gallery.default\">\n\t\t\t\t<div class=\"elementor-widget-container\">\n\t\t\t\t\t\t\t<div class=\"elementor-image-gallery\">\n\t\t\t<div id='gallery-1' class='gallery galleryid-1442 gallery-columns-4 gallery-size-medium'><figure class='gallery-item'>\n\t\t\t<div class='gallery-icon landscape'>\n\t\t\t\t<a data-elementor-open-lightbox=\"yes\" data-elementor-lightbox-slideshow=\"c572d5c\" data-elementor-lightbox-title=\"dengue 1\" data-e-action-hash=\"#elementor-action%3Aaction%3Dlightbox%26settings%3DeyJpZCI6MTMyNCwidXJsIjoiaHR0cHM6XC9cL3NhdWRlY2FqYXRpLmNvbS5iclwvd3AtY29udGVudFwvdXBsb2Fkc1wvMjAyNFwvMTFcL2Rlbmd1ZS0xLTEucG5nIiwic2xpZGVzaG93IjoiYzU3MmQ1YyJ9\" href='https:\/\/saudecajati.com.br\/wp-content\/uploads\/2024\/11\/dengue-1-1.png'><img fetchpriority=\"high\" decoding=\"async\" width=\"300\" height=\"233\" src=\"https:\/\/saudecajati.com.br\/wp-content\/uploads\/2024\/11\/dengue-1-1-300x233.png\" class=\"attachment-medium size-medium\" alt=\"\" srcset=\"https:\/\/saudecajati.com.br\/wp-content\/uploads\/2024\/11\/dengue-1-1-300x233.png 300w, https:\/\/saudecajati.com.br\/wp-content\/uploads\/2024\/11\/dengue-1-1-1024x796.png 1024w, https:\/\/saudecajati.com.br\/wp-content\/uploads\/2024\/11\/dengue-1-1-768x597.png 768w, https:\/\/saudecajati.com.br\/wp-content\/uploads\/2024\/11\/dengue-1-1.png 1178w\" sizes=\"(max-width: 300px) 100vw, 300px\" \/><\/a>\n\t\t\t<\/div><\/figure><figure class='gallery-item'>\n\t\t\t<div class='gallery-icon landscape'>\n\t\t\t\t<a data-elementor-open-lightbox=\"yes\" data-elementor-lightbox-slideshow=\"c572d5c\" data-elementor-lightbox-title=\"Dengue 2 (1)\" data-e-action-hash=\"#elementor-action%3Aaction%3Dlightbox%26settings%3DeyJpZCI6MTMyNSwidXJsIjoiaHR0cHM6XC9cL3NhdWRlY2FqYXRpLmNvbS5iclwvd3AtY29udGVudFwvdXBsb2Fkc1wvMjAyNFwvMTFcL0Rlbmd1ZS0yLTEucG5nIiwic2xpZGVzaG93IjoiYzU3MmQ1YyJ9\" href='https:\/\/saudecajati.com.br\/wp-content\/uploads\/2024\/11\/Dengue-2-1.png'><img decoding=\"async\" width=\"300\" height=\"233\" src=\"https:\/\/saudecajati.com.br\/wp-content\/uploads\/2024\/11\/Dengue-2-1-300x233.png\" class=\"attachment-medium size-medium\" alt=\"\" srcset=\"https:\/\/saudecajati.com.br\/wp-content\/uploads\/2024\/11\/Dengue-2-1-300x233.png 300w, https:\/\/saudecajati.com.br\/wp-content\/uploads\/2024\/11\/Dengue-2-1-1024x796.png 1024w, https:\/\/saudecajati.com.br\/wp-content\/uploads\/2024\/11\/Dengue-2-1-768x597.png 768w, https:\/\/saudecajati.com.br\/wp-content\/uploads\/2024\/11\/Dengue-2-1.png 1179w\" sizes=\"(max-width: 300px) 100vw, 300px\" \/><\/a>\n\t\t\t<\/div><\/figure><figure class='gallery-item'>\n\t\t\t<div class='gallery-icon landscape'>\n\t\t\t\t<a data-elementor-open-lightbox=\"yes\" data-elementor-lightbox-slideshow=\"c572d5c\" data-elementor-lightbox-title=\"1 (1)\" data-e-action-hash=\"#elementor-action%3Aaction%3Dlightbox%26settings%3DeyJpZCI6MTQwMywidXJsIjoiaHR0cHM6XC9cL3NhdWRlY2FqYXRpLmNvbS5iclwvd3AtY29udGVudFwvdXBsb2Fkc1wvMjAyNFwvMTFcLzEtMS0xLnBuZyIsInNsaWRlc2hvdyI6ImM1NzJkNWMifQ%3D%3D\" href='https:\/\/saudecajati.com.br\/wp-content\/uploads\/2024\/11\/1-1-1.png'><img decoding=\"async\" width=\"300\" height=\"195\" src=\"https:\/\/saudecajati.com.br\/wp-content\/uploads\/2024\/11\/1-1-1-300x195.png\" class=\"attachment-medium size-medium\" alt=\"\" srcset=\"https:\/\/saudecajati.com.br\/wp-content\/uploads\/2024\/11\/1-1-1-300x195.png 300w, https:\/\/saudecajati.com.br\/wp-content\/uploads\/2024\/11\/1-1-1-1024x665.png 1024w, https:\/\/saudecajati.com.br\/wp-content\/uploads\/2024\/11\/1-1-1-768x499.png 768w, https:\/\/saudecajati.com.br\/wp-content\/uploads\/2024\/11\/1-1-1.png 1280w\" sizes=\"(max-width: 300px) 100vw, 300px\" \/><\/a>\n\t\t\t<\/div><\/figure><figure class='gallery-item'>\n\t\t\t<div class='gallery-icon landscape'>\n\t\t\t\t<a data-elementor-open-lightbox=\"yes\" data-elementor-lightbox-slideshow=\"c572d5c\" data-elementor-lightbox-title=\"2\" data-e-action-hash=\"#elementor-action%3Aaction%3Dlightbox%26settings%3DeyJpZCI6MTMxNSwidXJsIjoiaHR0cHM6XC9cL3NhdWRlY2FqYXRpLmNvbS5iclwvd3AtY29udGVudFwvdXBsb2Fkc1wvMjAyNFwvMTFcLzIucG5nIiwic2xpZGVzaG93IjoiYzU3MmQ1YyJ9\" href='https:\/\/saudecajati.com.br\/wp-content\/uploads\/2024\/11\/2.png'><img loading=\"lazy\" decoding=\"async\" width=\"300\" height=\"195\" src=\"https:\/\/saudecajati.com.br\/wp-content\/uploads\/2024\/11\/2-300x195.png\" class=\"attachment-medium size-medium\" alt=\"\" srcset=\"https:\/\/saudecajati.com.br\/wp-content\/uploads\/2024\/11\/2-300x195.png 300w, https:\/\/saudecajati.com.br\/wp-content\/uploads\/2024\/11\/2-1024x665.png 1024w, https:\/\/saudecajati.com.br\/wp-content\/uploads\/2024\/11\/2-768x499.png 768w, https:\/\/saudecajati.com.br\/wp-content\/uploads\/2024\/11\/2.png 1280w\" sizes=\"(max-width: 300px) 100vw, 300px\" \/><\/a>\n\t\t\t<\/div><\/figure><figure class='gallery-item'>\n\t\t\t<div class='gallery-icon portrait'>\n\t\t\t\t<a data-elementor-open-lightbox=\"yes\" data-elementor-lightbox-slideshow=\"c572d5c\" data-elementor-lightbox-title=\"1\" data-e-action-hash=\"#elementor-action%3Aaction%3Dlightbox%26settings%3DeyJpZCI6MTMxNCwidXJsIjoiaHR0cHM6XC9cL3NhdWRlY2FqYXRpLmNvbS5iclwvd3AtY29udGVudFwvdXBsb2Fkc1wvMjAyNFwvMTFcLzEucG5nIiwic2xpZGVzaG93IjoiYzU3MmQ1YyJ9\" href='https:\/\/saudecajati.com.br\/wp-content\/uploads\/2024\/11\/1.png'><img loading=\"lazy\" decoding=\"async\" width=\"212\" height=\"300\" src=\"https:\/\/saudecajati.com.br\/wp-content\/uploads\/2024\/11\/1-212x300.png\" class=\"attachment-medium size-medium\" alt=\"\" srcset=\"https:\/\/saudecajati.com.br\/wp-content\/uploads\/2024\/11\/1-212x300.png 212w, https:\/\/saudecajati.com.br\/wp-content\/uploads\/2024\/11\/1-723x1024.png 723w, https:\/\/saudecajati.com.br\/wp-content\/uploads\/2024\/11\/1-768x1087.png 768w, https:\/\/saudecajati.com.br\/wp-content\/uploads\/2024\/11\/1-1085x1536.png 1085w, https:\/\/saudecajati.com.br\/wp-content\/uploads\/2024\/11\/1.png 1280w\" sizes=\"(max-width: 212px) 100vw, 212px\" \/><\/a>\n\t\t\t<\/div><\/figure><figure class='gallery-item'>\n\t\t\t<div class='gallery-icon portrait'>\n\t\t\t\t<a data-elementor-open-lightbox=\"yes\" data-elementor-lightbox-slideshow=\"c572d5c\" data-elementor-lightbox-title=\"2 (1)\" data-e-action-hash=\"#elementor-action%3Aaction%3Dlightbox%26settings%3DeyJpZCI6MTMxMywidXJsIjoiaHR0cHM6XC9cL3NhdWRlY2FqYXRpLmNvbS5iclwvd3AtY29udGVudFwvdXBsb2Fkc1wvMjAyNFwvMTFcLzItMS5wbmciLCJzbGlkZXNob3ciOiJjNTcyZDVjIn0%3D\" href='https:\/\/saudecajati.com.br\/wp-content\/uploads\/2024\/11\/2-1.png'><img loading=\"lazy\" decoding=\"async\" width=\"212\" height=\"300\" src=\"https:\/\/saudecajati.com.br\/wp-content\/uploads\/2024\/11\/2-1-212x300.png\" class=\"attachment-medium size-medium\" alt=\"\" srcset=\"https:\/\/saudecajati.com.br\/wp-content\/uploads\/2024\/11\/2-1-212x300.png 212w, https:\/\/saudecajati.com.br\/wp-content\/uploads\/2024\/11\/2-1-723x1024.png 723w, https:\/\/saudecajati.com.br\/wp-content\/uploads\/2024\/11\/2-1-768x1087.png 768w, https:\/\/saudecajati.com.br\/wp-content\/uploads\/2024\/11\/2-1-1085x1536.png 1085w, https:\/\/saudecajati.com.br\/wp-content\/uploads\/2024\/11\/2-1.png 1280w\" sizes=\"(max-width: 212px) 100vw, 212px\" \/><\/a>\n\t\t\t<\/div><\/figure><figure class='gallery-item'>\n\t\t\t<div class='gallery-icon portrait'>\n\t\t\t\t<a data-elementor-open-lightbox=\"yes\" data-elementor-lightbox-slideshow=\"c572d5c\" data-elementor-lightbox-title=\"Panfleto Chagas\" data-e-action-hash=\"#elementor-action%3Aaction%3Dlightbox%26settings%3DeyJpZCI6MTMxMiwidXJsIjoiaHR0cHM6XC9cL3NhdWRlY2FqYXRpLmNvbS5iclwvd3AtY29udGVudFwvdXBsb2Fkc1wvMjAyNFwvMTFcL1BhbmZsZXRvLUNoYWdhcy5wbmciLCJzbGlkZXNob3ciOiJjNTcyZDVjIn0%3D\" href='https:\/\/saudecajati.com.br\/wp-content\/uploads\/2024\/11\/Panfleto-Chagas.png'><img loading=\"lazy\" decoding=\"async\" width=\"212\" height=\"300\" src=\"https:\/\/saudecajati.com.br\/wp-content\/uploads\/2024\/11\/Panfleto-Chagas-212x300.png\" class=\"attachment-medium size-medium\" alt=\"\" srcset=\"https:\/\/saudecajati.com.br\/wp-content\/uploads\/2024\/11\/Panfleto-Chagas-212x300.png 212w, https:\/\/saudecajati.com.br\/wp-content\/uploads\/2024\/11\/Panfleto-Chagas-724x1024.png 724w, https:\/\/saudecajati.com.br\/wp-content\/uploads\/2024\/11\/Panfleto-Chagas-768x1086.png 768w, https:\/\/saudecajati.com.br\/wp-content\/uploads\/2024\/11\/Panfleto-Chagas-1086x1536.png 1086w, https:\/\/saudecajati.com.br\/wp-content\/uploads\/2024\/11\/Panfleto-Chagas.png 1280w\" sizes=\"(max-width: 212px) 100vw, 212px\" \/><\/a>\n\t\t\t<\/div><\/figure><figure class='gallery-item'>\n\t\t\t<div class='gallery-icon portrait'>\n\t\t\t\t<a data-elementor-open-lightbox=\"yes\" data-elementor-lightbox-slideshow=\"c572d5c\" data-elementor-lightbox-title=\"WhatsApp Image 2023-09-08 at 16.56.14\" data-e-action-hash=\"#elementor-action%3Aaction%3Dlightbox%26settings%3DeyJpZCI6MTMxMSwidXJsIjoiaHR0cHM6XC9cL3NhdWRlY2FqYXRpLmNvbS5iclwvd3AtY29udGVudFwvdXBsb2Fkc1wvMjAyNFwvMTFcL1doYXRzQXBwLUltYWdlLTIwMjMtMDktMDgtYXQtMTYuNTYuMTQuanBlZyIsInNsaWRlc2hvdyI6ImM1NzJkNWMifQ%3D%3D\" href='https:\/\/saudecajati.com.br\/wp-content\/uploads\/2024\/11\/WhatsApp-Image-2023-09-08-at-16.56.14.jpeg'><img loading=\"lazy\" decoding=\"async\" width=\"214\" height=\"300\" src=\"https:\/\/saudecajati.com.br\/wp-content\/uploads\/2024\/11\/WhatsApp-Image-2023-09-08-at-16.56.14-214x300.jpeg\" class=\"attachment-medium size-medium\" alt=\"\" srcset=\"https:\/\/saudecajati.com.br\/wp-content\/uploads\/2024\/11\/WhatsApp-Image-2023-09-08-at-16.56.14-214x300.jpeg 214w, https:\/\/saudecajati.com.br\/wp-content\/uploads\/2024\/11\/WhatsApp-Image-2023-09-08-at-16.56.14-731x1024.jpeg 731w, https:\/\/saudecajati.com.br\/wp-content\/uploads\/2024\/11\/WhatsApp-Image-2023-09-08-at-16.56.14-768x1076.jpeg 768w, https:\/\/saudecajati.com.br\/wp-content\/uploads\/2024\/11\/WhatsApp-Image-2023-09-08-at-16.56.14-1096x1536.jpeg 1096w, https:\/\/saudecajati.com.br\/wp-content\/uploads\/2024\/11\/WhatsApp-Image-2023-09-08-at-16.56.14.jpeg 1142w\" sizes=\"(max-width: 214px) 100vw, 214px\" \/><\/a>\n\t\t\t<\/div><\/figure><figure class='gallery-item'>\n\t\t\t<div class='gallery-icon portrait'>\n\t\t\t\t<a data-elementor-open-lightbox=\"yes\" data-elementor-lightbox-slideshow=\"c572d5c\" data-elementor-lightbox-title=\"WhatsApp Image 2023-09-08 at 16.56.14 (1)\" data-e-action-hash=\"#elementor-action%3Aaction%3Dlightbox%26settings%3DeyJpZCI6MTMxMCwidXJsIjoiaHR0cHM6XC9cL3NhdWRlY2FqYXRpLmNvbS5iclwvd3AtY29udGVudFwvdXBsb2Fkc1wvMjAyNFwvMTFcL1doYXRzQXBwLUltYWdlLTIwMjMtMDktMDgtYXQtMTYuNTYuMTQtMS5qcGVnIiwic2xpZGVzaG93IjoiYzU3MmQ1YyJ9\" href='https:\/\/saudecajati.com.br\/wp-content\/uploads\/2024\/11\/WhatsApp-Image-2023-09-08-at-16.56.14-1.jpeg'><img loading=\"lazy\" decoding=\"async\" width=\"214\" height=\"300\" src=\"https:\/\/saudecajati.com.br\/wp-content\/uploads\/2024\/11\/WhatsApp-Image-2023-09-08-at-16.56.14-1-214x300.jpeg\" class=\"attachment-medium size-medium\" alt=\"\" srcset=\"https:\/\/saudecajati.com.br\/wp-content\/uploads\/2024\/11\/WhatsApp-Image-2023-09-08-at-16.56.14-1-214x300.jpeg 214w, https:\/\/saudecajati.com.br\/wp-content\/uploads\/2024\/11\/WhatsApp-Image-2023-09-08-at-16.56.14-1-731x1024.jpeg 731w, https:\/\/saudecajati.com.br\/wp-content\/uploads\/2024\/11\/WhatsApp-Image-2023-09-08-at-16.56.14-1-768x1076.jpeg 768w, https:\/\/saudecajati.com.br\/wp-content\/uploads\/2024\/11\/WhatsApp-Image-2023-09-08-at-16.56.14-1-1096x1536.jpeg 1096w, https:\/\/saudecajati.com.br\/wp-content\/uploads\/2024\/11\/WhatsApp-Image-2023-09-08-at-16.56.14-1.jpeg 1142w\" sizes=\"(max-width: 214px) 100vw, 214px\" \/><\/a>\n\t\t\t<\/div><\/figure><figure class='gallery-item'>\n\t\t\t<div class='gallery-icon portrait'>\n\t\t\t\t<a data-elementor-open-lightbox=\"yes\" data-elementor-lightbox-slideshow=\"c572d5c\" data-elementor-lightbox-title=\"Hansen\u00edase\" data-e-action-hash=\"#elementor-action%3Aaction%3Dlightbox%26settings%3DeyJpZCI6MTMwOSwidXJsIjoiaHR0cHM6XC9cL3NhdWRlY2FqYXRpLmNvbS5iclwvd3AtY29udGVudFwvdXBsb2Fkc1wvMjAyNFwvMTFcL0hhbnNlbmlhc2UtLnBuZyIsInNsaWRlc2hvdyI6ImM1NzJkNWMifQ%3D%3D\" href='https:\/\/saudecajati.com.br\/wp-content\/uploads\/2024\/11\/Hanseniase-.png'><img loading=\"lazy\" decoding=\"async\" width=\"212\" height=\"300\" src=\"https:\/\/saudecajati.com.br\/wp-content\/uploads\/2024\/11\/Hanseniase--212x300.png\" class=\"attachment-medium size-medium\" alt=\"\" srcset=\"https:\/\/saudecajati.com.br\/wp-content\/uploads\/2024\/11\/Hanseniase--212x300.png 212w, https:\/\/saudecajati.com.br\/wp-content\/uploads\/2024\/11\/Hanseniase--724x1024.png 724w, https:\/\/saudecajati.com.br\/wp-content\/uploads\/2024\/11\/Hanseniase--768x1086.png 768w, https:\/\/saudecajati.com.br\/wp-content\/uploads\/2024\/11\/Hanseniase--1086x1536.png 1086w, https:\/\/saudecajati.com.br\/wp-content\/uploads\/2024\/11\/Hanseniase-.png 1280w\" sizes=\"(max-width: 212px) 100vw, 212px\" \/><\/a>\n\t\t\t<\/div><\/figure>\n\t\t<\/div>\n\t\t<\/div>\n\t\t\t\t\t\t<\/div>\n\t\t\t\t<\/div>\n\t\t\t\t<\/div>\n\t\t<div id=\"e-n-tab-content-2066389403\" role=\"tabpanel\" aria-labelledby=\"e-n-tab-title-2066389403\" data-tab-index=\"3\" style=\"--n-tabs-title-order: 3;\" class=\" elementor-element elementor-element-d56a4bb e-con-full e-grid e-con e-child\" data-id=\"d56a4bb\" data-element_type=\"container\">\n\t\t\t\t<div class=\"elementor-element elementor-element-1b671e3 elementor-widget elementor-widget-image\" data-id=\"1b671e3\" data-element_type=\"widget\" data-widget_type=\"image.default\">\n\t\t\t\t<div class=\"elementor-widget-container\">\n\t\t\t\t\t\t\t\t\t\t\t\t\t\t\t<img loading=\"lazy\" decoding=\"async\" width=\"724\" height=\"1024\" src=\"https:\/\/saudecajati.com.br\/wp-content\/uploads\/2024\/11\/Lista-de-Medicamentos-Farmacia-Popular-724x1024.jpg\" class=\"attachment-large size-large wp-image-1378\" alt=\"\" srcset=\"https:\/\/saudecajati.com.br\/wp-content\/uploads\/2024\/11\/Lista-de-Medicamentos-Farmacia-Popular-724x1024.jpg 724w, https:\/\/saudecajati.com.br\/wp-content\/uploads\/2024\/11\/Lista-de-Medicamentos-Farmacia-Popular-212x300.jpg 212w, https:\/\/saudecajati.com.br\/wp-content\/uploads\/2024\/11\/Lista-de-Medicamentos-Farmacia-Popular-768x1086.jpg 768w, https:\/\/saudecajati.com.br\/wp-content\/uploads\/2024\/11\/Lista-de-Medicamentos-Farmacia-Popular-1086x1536.jpg 1086w, https:\/\/saudecajati.com.br\/wp-content\/uploads\/2024\/11\/Lista-de-Medicamentos-Farmacia-Popular-1448x2048.jpg 1448w, https:\/\/saudecajati.com.br\/wp-content\/uploads\/2024\/11\/Lista-de-Medicamentos-Farmacia-Popular-scaled.jpg 1810w\" sizes=\"(max-width: 724px) 100vw, 724px\" \/>\t\t\t\t\t\t\t\t\t\t\t\t\t\t\t<\/div>\n\t\t\t\t<\/div>\n\t\t\t\t<\/div>\n\t\t\t\t\t<\/div>\n\t\t<\/div>\n\t\t\t\t\t\t<\/div>\n\t\t\t\t<\/div>\n\t\t\t\t\t<\/div>\n\t\t\t\t<\/div>\n\t\t<div class=\"elementor-element elementor-element-f373b32 e-flex e-con-boxed e-con e-parent\" data-id=\"f373b32\" data-element_type=\"container\">\n\t\t\t\t\t<div class=\"e-con-inner\">\n\t\t\t\t<div class=\"elementor-element elementor-element-3e7cfcb e-n-tabs-mobile elementor-invisible elementor-widget elementor-widget-n-tabs\" data-id=\"3e7cfcb\" data-element_type=\"widget\" data-settings=\"{&quot;_animation&quot;:&quot;fadeIn&quot;,&quot;horizontal_scroll&quot;:&quot;disable&quot;}\" data-widget_type=\"nested-tabs.default\">\n\t\t\t\t<div class=\"elementor-widget-container\">\n\t\t\t\t\t\t\t<div class=\"e-n-tabs\" data-widget-number=\"65523659\" aria-label=\"Abas. Abra itens com &quot;Enter&quot; ou &quot;Espa\u00e7o&quot;, feche com &quot;Escape&quot; e navegue usando as teclas de &quot;Seta&quot;.\">\n\t\t\t<div class=\"e-n-tabs-heading\" role=\"tablist\">\n\t\t\t\t\t<button id=\"e-n-tab-title-655236591\" data-tab-title-id=\"e-n-tab-title-655236591\" class=\"e-n-tab-title\" aria-selected=\"true\" data-tab-index=\"1\" role=\"tab\" tabindex=\"0\" aria-controls=\"e-n-tab-content-655236591\" style=\"--n-tabs-title-order: 1;\">\n\t\t\t\t\t\t<span class=\"e-n-tab-title-text\">\n\t\t\t\tPESQUISA DE SATISFA\u00c7\u00c3O SOBRE AS UNIDADES DE SA\u00daDE\t\t\t<\/span>\n\t\t<\/button>\n\t\t\t\t\t<\/div>\n\t\t\t<div class=\"e-n-tabs-content\">\n\t\t\t\t<div id=\"e-n-tab-content-655236591\" role=\"tabpanel\" aria-labelledby=\"e-n-tab-title-655236591\" data-tab-index=\"1\" style=\"--n-tabs-title-order: 1;\" class=\"e-active elementor-element elementor-element-2aa274a e-con-full e-grid e-con e-child\" data-id=\"2aa274a\" data-element_type=\"container\">\n\t\t\t\t<div class=\"elementor-element elementor-element-0a3f119 elementor-widget elementor-widget-html\" data-id=\"0a3f119\" data-element_type=\"widget\" data-widget_type=\"html.default\">\n\t\t\t\t<div class=\"elementor-widget-container\">\n\t\t\t\t\t<iframe width=\"100%\" height=\"800px\" aria-disabled=\"true\" tabindex=\"-1\" src=\"https:\/\/docs.google.com\/forms\/d\/e\/1FAIpQLSetkJVkuzHu3IbeErrrXyZto8xj2x2erxaCaTjI8T2r_YAlug\/viewform\"><\/iframe>\t\t\t\t<\/div>\n\t\t\t\t<\/div>\n\t\t\t\t<\/div>\n\t\t\t\t\t<\/div>\n\t\t<\/div>\n\t\t\t\t\t\t<\/div>\n\t\t\t\t<\/div>\n\t\t\t\t\t<\/div>\n\t\t\t\t<\/div>\n\t\t\t\t<\/div>\n\t\t","protected":false},"excerpt":{"rendered":"<p>Usu\u00e1rio da sa\u00fade OUVIDORIA INFORMATIVOS MEDICAMENTOS Nome Email Mensagem Enviar Contato com a ouvidoria (13) 3854 8500Ramal 2151 Rua Teodoro Ferreira Machado, SNCajati-SP \u00a0 Respons\u00e1vel: Jo\u00e3o Quintino Contato com a ouvidoria (13) 3854 8500Ramal 2151 Rua Teodoro Ferreira Machado, SNCajati-SP \u00a0 Respons\u00e1vel: Jo\u00e3o Quintino PESQUISA DE SATISFA\u00c7\u00c3O SOBRE AS UNIDADES DE SA\u00daDE<\/p>\n","protected":false},"author":1,"featured_media":0,"parent":0,"menu_order":0,"comment_status":"closed","ping_status":"closed","template":"elementor_header_footer","meta":{"inline_featured_image":false,"footnotes":""},"class_list":["post-1442","page","type-page","status-publish","hentry"],"_links":{"self":[{"href":"https:\/\/saudecajati.com.br\/index.php\/wp-json\/wp\/v2\/pages\/1442","targetHints":{"allow":["GET"]}}],"collection":[{"href":"https:\/\/saudecajati.com.br\/index.php\/wp-json\/wp\/v2\/pages"}],"about":[{"href":"https:\/\/saudecajati.com.br\/index.php\/wp-json\/wp\/v2\/types\/page"}],"author":[{"embeddable":true,"href":"https:\/\/saudecajati.com.br\/index.php\/wp-json\/wp\/v2\/users\/1"}],"replies":[{"embeddable":true,"href":"https:\/\/saudecajati.com.br\/index.php\/wp-json\/wp\/v2\/comments?post=1442"}],"version-history":[{"count":58,"href":"https:\/\/saudecajati.com.br\/index.php\/wp-json\/wp\/v2\/pages\/1442\/revisions"}],"predecessor-version":[{"id":6796,"href":"https:\/\/saudecajati.com.br\/index.php\/wp-json\/wp\/v2\/pages\/1442\/revisions\/6796"}],"wp:attachment":[{"href":"https:\/\/saudecajati.com.br\/index.php\/wp-json\/wp\/v2\/media?parent=1442"}],"curies":[{"name":"wp","href":"https:\/\/api.w.org\/{rel}","templated":true}]}}