{"id":1406,"date":"2024-11-16T19:58:02","date_gmt":"2024-11-16T22:58:02","guid":{"rendered":"https:\/\/saudecajati.com.br\/?page_id=1406"},"modified":"2025-02-04T09:37:51","modified_gmt":"2025-02-04T12:37:51","slug":"noticias","status":"publish","type":"page","link":"https:\/\/saudecajati.com.br\/index.php\/noticias\/","title":{"rendered":"Not\u00edcias"},"content":{"rendered":"\t\t<div data-elementor-type=\"wp-page\" data-elementor-id=\"1406\" class=\"elementor elementor-1406\">\n\t\t\t\t<div class=\"elementor-element elementor-element-c5a85fc e-flex e-con-boxed e-con e-parent\" data-id=\"c5a85fc\" data-element_type=\"container\">\n\t\t\t\t\t<div class=\"e-con-inner\">\n\t\t\t\t<div class=\"elementor-element elementor-element-fe9b81a elementor-align-center elementor-icon-list--layout-traditional elementor-list-item-link-full_width elementor-invisible elementor-widget elementor-widget-icon-list\" data-id=\"fe9b81a\" data-element_type=\"widget\" data-settings=\"{&quot;_animation&quot;:&quot;slideInDown&quot;}\" data-widget_type=\"icon-list.default\">\n\t\t\t\t<div class=\"elementor-widget-container\">\n\t\t\t\t\t\t\t<ul class=\"elementor-icon-list-items\">\n\t\t\t\t\t\t\t<li class=\"elementor-icon-list-item\">\n\t\t\t\t\t\t\t\t\t\t\t<span class=\"elementor-icon-list-icon\">\n\t\t\t\t\t\t\t<svg aria-hidden=\"true\" class=\"e-font-icon-svg e-far-newspaper\" viewBox=\"0 0 576 512\" xmlns=\"http:\/\/www.w3.org\/2000\/svg\"><path d=\"M552 64H112c-20.858 0-38.643 13.377-45.248 32H24c-13.255 0-24 10.745-24 24v272c0 30.928 25.072 56 56 56h496c13.255 0 24-10.745 24-24V88c0-13.255-10.745-24-24-24zM48 392V144h16v248c0 4.411-3.589 8-8 8s-8-3.589-8-8zm480 8H111.422c.374-2.614.578-5.283.578-8V112h416v288zM172 280h136c6.627 0 12-5.373 12-12v-96c0-6.627-5.373-12-12-12H172c-6.627 0-12 5.373-12 12v96c0 6.627 5.373 12 12 12zm28-80h80v40h-80v-40zm-40 140v-24c0-6.627 5.373-12 12-12h136c6.627 0 12 5.373 12 12v24c0 6.627-5.373 12-12 12H172c-6.627 0-12-5.373-12-12zm192 0v-24c0-6.627 5.373-12 12-12h104c6.627 0 12 5.373 12 12v24c0 6.627-5.373 12-12 12H364c-6.627 0-12-5.373-12-12zm0-144v-24c0-6.627 5.373-12 12-12h104c6.627 0 12 5.373 12 12v24c0 6.627-5.373 12-12 12H364c-6.627 0-12-5.373-12-12zm0 72v-24c0-6.627 5.373-12 12-12h104c6.627 0 12 5.373 12 12v24c0 6.627-5.373 12-12 12H364c-6.627 0-12-5.373-12-12z\"><\/path><\/svg>\t\t\t\t\t\t<\/span>\n\t\t\t\t\t\t\t\t\t\t<span class=\"elementor-icon-list-text\">Not\u00edcias<\/span>\n\t\t\t\t\t\t\t\t\t<\/li>\n\t\t\t\t\t\t<\/ul>\n\t\t\t\t\t\t<\/div>\n\t\t\t\t<\/div>\n\t\t\t\t\t<\/div>\n\t\t\t\t<\/div>\n\t\t<div class=\"elementor-element elementor-element-1ce9de0 e-flex e-con-boxed e-con e-parent\" data-id=\"1ce9de0\" data-element_type=\"container\">\n\t\t\t\t\t<div class=\"e-con-inner\">\n\t\t\t\t<div class=\"elementor-element elementor-element-0744797 elementor-grid-4 elementor-posts--align-center elementor-grid-tablet-2 elementor-grid-mobile-1 elementor-posts--thumbnail-top elementor-widget elementor-widget-posts\" data-id=\"0744797\" data-element_type=\"widget\" data-settings=\"{&quot;classic_columns&quot;:&quot;4&quot;,&quot;classic_row_gap&quot;:{&quot;unit&quot;:&quot;px&quot;,&quot;size&quot;:30,&quot;sizes&quot;:[]},&quot;classic_columns_tablet&quot;:&quot;2&quot;,&quot;classic_columns_mobile&quot;:&quot;1&quot;,&quot;classic_row_gap_tablet&quot;:{&quot;unit&quot;:&quot;px&quot;,&quot;size&quot;:&quot;&quot;,&quot;sizes&quot;:[]},&quot;classic_row_gap_mobile&quot;:{&quot;unit&quot;:&quot;px&quot;,&quot;size&quot;:&quot;&quot;,&quot;sizes&quot;:[]}}\" data-widget_type=\"posts.classic\">\n\t\t\t\t<div class=\"elementor-widget-container\">\n\t\t\t\t\t\t\t<div class=\"elementor-posts-container elementor-posts elementor-posts--skin-classic elementor-grid\">\n\t\t\t\t<article class=\"elementor-post elementor-grid-item post-5969 post type-post status-publish format-standard has-post-thumbnail hentry category-sem-categoria\">\n\t\t\t\t<a class=\"elementor-post__thumbnail__link\" href=\"https:\/\/saudecajati.com.br\/index.php\/2025\/04\/04\/inscricoes-abertas-a-partir-do-dia-7-de-abril-para-a-campanha-de-castracao-gratuita-de-caes-e-gatos-no-municipio\/\" >\n\t\t\t<div class=\"elementor-post__thumbnail\"><img fetchpriority=\"high\" decoding=\"async\" width=\"300\" height=\"206\" src=\"https:\/\/saudecajati.com.br\/wp-content\/uploads\/2025\/04\/0d190304255fd41cc687e7195f806006-300x206.png\" class=\"attachment-medium size-medium wp-image-5970\" alt=\"\" srcset=\"https:\/\/saudecajati.com.br\/wp-content\/uploads\/2025\/04\/0d190304255fd41cc687e7195f806006-300x206.png 300w, https:\/\/saudecajati.com.br\/wp-content\/uploads\/2025\/04\/0d190304255fd41cc687e7195f806006-768x528.png 768w, https:\/\/saudecajati.com.br\/wp-content\/uploads\/2025\/04\/0d190304255fd41cc687e7195f806006.png 1018w\" sizes=\"(max-width: 300px) 100vw, 300px\" \/><\/div>\n\t\t<\/a>\n\t\t\t\t<div class=\"elementor-post__text\">\n\t\t\t\t<h3 class=\"elementor-post__title\">\n\t\t\t<a href=\"https:\/\/saudecajati.com.br\/index.php\/2025\/04\/04\/inscricoes-abertas-a-partir-do-dia-7-de-abril-para-a-campanha-de-castracao-gratuita-de-caes-e-gatos-no-municipio\/\" >\n\t\t\t\tINSCRI\u00c7\u00d5ES ABERTAS A PARTIR DO DIA 7 DE ABRIL, PARA A CAMPANHA DE CASTRA\u00c7\u00c3O GRATUITA DE C\u00c3ES E GATOS NO MUNIC\u00cdPIO\t\t\t<\/a>\n\t\t<\/h3>\n\t\t\n\t\t<a class=\"elementor-post__read-more\" href=\"https:\/\/saudecajati.com.br\/index.php\/2025\/04\/04\/inscricoes-abertas-a-partir-do-dia-7-de-abril-para-a-campanha-de-castracao-gratuita-de-caes-e-gatos-no-municipio\/\" >\n\t\t\tLeia Mais \u00bb\t\t<\/a>\n\n\t\t\t\t<\/div>\n\t\t\t\t<\/article>\n\t\t\t\t<article class=\"elementor-post elementor-grid-item post-5677 post type-post status-publish format-standard has-post-thumbnail hentry category-sem-categoria\">\n\t\t\t\t<a class=\"elementor-post__thumbnail__link\" href=\"https:\/\/saudecajati.com.br\/index.php\/2025\/03\/18\/cajati-realizara-a-1a-conferencia-municipal-de-saude-do-trabalhador-e-da-trabalhadora\/\" >\n\t\t\t<div class=\"elementor-post__thumbnail\"><img decoding=\"async\" width=\"300\" height=\"206\" src=\"https:\/\/saudecajati.com.br\/wp-content\/uploads\/2025\/03\/b046f0322326ebaa0643dc567fa1522f-300x206.png\" class=\"attachment-medium size-medium wp-image-5679\" alt=\"\" srcset=\"https:\/\/saudecajati.com.br\/wp-content\/uploads\/2025\/03\/b046f0322326ebaa0643dc567fa1522f-300x206.png 300w, https:\/\/saudecajati.com.br\/wp-content\/uploads\/2025\/03\/b046f0322326ebaa0643dc567fa1522f-1024x704.png 1024w, https:\/\/saudecajati.com.br\/wp-content\/uploads\/2025\/03\/b046f0322326ebaa0643dc567fa1522f-768x528.png 768w, https:\/\/saudecajati.com.br\/wp-content\/uploads\/2025\/03\/b046f0322326ebaa0643dc567fa1522f.png 1033w\" sizes=\"(max-width: 300px) 100vw, 300px\" \/><\/div>\n\t\t<\/a>\n\t\t\t\t<div class=\"elementor-post__text\">\n\t\t\t\t<h3 class=\"elementor-post__title\">\n\t\t\t<a href=\"https:\/\/saudecajati.com.br\/index.php\/2025\/03\/18\/cajati-realizara-a-1a-conferencia-municipal-de-saude-do-trabalhador-e-da-trabalhadora\/\" >\n\t\t\t\tCajati realizar\u00e1 a 1\u00aa Confer\u00eancia Municipal de Sa\u00fade do Trabalhador e da Trabalhadora\t\t\t<\/a>\n\t\t<\/h3>\n\t\t\n\t\t<a class=\"elementor-post__read-more\" href=\"https:\/\/saudecajati.com.br\/index.php\/2025\/03\/18\/cajati-realizara-a-1a-conferencia-municipal-de-saude-do-trabalhador-e-da-trabalhadora\/\" >\n\t\t\tLeia Mais \u00bb\t\t<\/a>\n\n\t\t\t\t<\/div>\n\t\t\t\t<\/article>\n\t\t\t\t<article class=\"elementor-post elementor-grid-item post-2749 post type-post status-publish format-standard has-post-thumbnail hentry category-sem-categoria\">\n\t\t\t\t<a class=\"elementor-post__thumbnail__link\" href=\"https:\/\/saudecajati.com.br\/index.php\/2025\/01\/16\/atencao-numero-alternativo-para-emergencias\/\" >\n\t\t\t<div class=\"elementor-post__thumbnail\"><img decoding=\"async\" width=\"300\" height=\"300\" src=\"https:\/\/saudecajati.com.br\/wp-content\/uploads\/2025\/01\/image-300x300.png\" class=\"attachment-medium size-medium wp-image-2750\" alt=\"\" srcset=\"https:\/\/saudecajati.com.br\/wp-content\/uploads\/2025\/01\/image-300x300.png 300w, https:\/\/saudecajati.com.br\/wp-content\/uploads\/2025\/01\/image-1024x1024.png 1024w, https:\/\/saudecajati.com.br\/wp-content\/uploads\/2025\/01\/image-150x150.png 150w, https:\/\/saudecajati.com.br\/wp-content\/uploads\/2025\/01\/image-768x768.png 768w, https:\/\/saudecajati.com.br\/wp-content\/uploads\/2025\/01\/image-1536x1536.png 1536w, https:\/\/saudecajati.com.br\/wp-content\/uploads\/2025\/01\/image.png 2025w\" sizes=\"(max-width: 300px) 100vw, 300px\" \/><\/div>\n\t\t<\/a>\n\t\t\t\t<div class=\"elementor-post__text\">\n\t\t\t\t<h3 class=\"elementor-post__title\">\n\t\t\t<a href=\"https:\/\/saudecajati.com.br\/index.php\/2025\/01\/16\/atencao-numero-alternativo-para-emergencias\/\" >\n\t\t\t\tATEN\u00c7\u00c3O!!! NUMERO ALTERNATIVO PARA EMERG\u00caNCIAS.\t\t\t<\/a>\n\t\t<\/h3>\n\t\t\n\t\t<a class=\"elementor-post__read-more\" href=\"https:\/\/saudecajati.com.br\/index.php\/2025\/01\/16\/atencao-numero-alternativo-para-emergencias\/\" >\n\t\t\tLeia Mais \u00bb\t\t<\/a>\n\n\t\t\t\t<\/div>\n\t\t\t\t<\/article>\n\t\t\t\t<article class=\"elementor-post elementor-grid-item post-2423 post type-post status-publish format-standard has-post-thumbnail hentry category-sem-categoria\">\n\t\t\t\t<a class=\"elementor-post__thumbnail__link\" href=\"https:\/\/saudecajati.com.br\/index.php\/2024\/11\/25\/roda-de-conversa-sobre-o-novembro-azul\/\" >\n\t\t\t<div class=\"elementor-post__thumbnail\"><img loading=\"lazy\" decoding=\"async\" width=\"300\" height=\"300\" src=\"https:\/\/saudecajati.com.br\/wp-content\/uploads\/2024\/11\/Imagem-do-WhatsApp-de-2024-11-25-as-15.41.00_90ab6a46-300x300.jpg\" class=\"attachment-medium size-medium wp-image-2424\" alt=\"\" srcset=\"https:\/\/saudecajati.com.br\/wp-content\/uploads\/2024\/11\/Imagem-do-WhatsApp-de-2024-11-25-as-15.41.00_90ab6a46-300x300.jpg 300w, https:\/\/saudecajati.com.br\/wp-content\/uploads\/2024\/11\/Imagem-do-WhatsApp-de-2024-11-25-as-15.41.00_90ab6a46-1024x1024.jpg 1024w, https:\/\/saudecajati.com.br\/wp-content\/uploads\/2024\/11\/Imagem-do-WhatsApp-de-2024-11-25-as-15.41.00_90ab6a46-150x150.jpg 150w, https:\/\/saudecajati.com.br\/wp-content\/uploads\/2024\/11\/Imagem-do-WhatsApp-de-2024-11-25-as-15.41.00_90ab6a46-768x768.jpg 768w, https:\/\/saudecajati.com.br\/wp-content\/uploads\/2024\/11\/Imagem-do-WhatsApp-de-2024-11-25-as-15.41.00_90ab6a46.jpg 1080w\" sizes=\"(max-width: 300px) 100vw, 300px\" \/><\/div>\n\t\t<\/a>\n\t\t\t\t<div class=\"elementor-post__text\">\n\t\t\t\t<h3 class=\"elementor-post__title\">\n\t\t\t<a href=\"https:\/\/saudecajati.com.br\/index.php\/2024\/11\/25\/roda-de-conversa-sobre-o-novembro-azul\/\" >\n\t\t\t\tRoda de Conversa sobre o &#8220;Novembro Azul&#8221;\t\t\t<\/a>\n\t\t<\/h3>\n\t\t\n\t\t<a class=\"elementor-post__read-more\" href=\"https:\/\/saudecajati.com.br\/index.php\/2024\/11\/25\/roda-de-conversa-sobre-o-novembro-azul\/\" >\n\t\t\tLeia Mais \u00bb\t\t<\/a>\n\n\t\t\t\t<\/div>\n\t\t\t\t<\/article>\n\t\t\t\t<article class=\"elementor-post elementor-grid-item post-2416 post type-post status-publish format-standard has-post-thumbnail hentry category-sem-categoria\">\n\t\t\t\t<a class=\"elementor-post__thumbnail__link\" href=\"https:\/\/saudecajati.com.br\/index.php\/2024\/11\/23\/data-do-curso-para-os-agentes-comunitarios-de-saude-e-de-combate-as-endemias-foi-adiada\/\" >\n\t\t\t<div class=\"elementor-post__thumbnail\"><img loading=\"lazy\" decoding=\"async\" width=\"300\" height=\"300\" src=\"https:\/\/saudecajati.com.br\/wp-content\/uploads\/2024\/11\/Captura-de-tela-2024-11-23-210820-300x300.png\" class=\"attachment-medium size-medium wp-image-2418\" alt=\"\" srcset=\"https:\/\/saudecajati.com.br\/wp-content\/uploads\/2024\/11\/Captura-de-tela-2024-11-23-210820-300x300.png 300w, https:\/\/saudecajati.com.br\/wp-content\/uploads\/2024\/11\/Captura-de-tela-2024-11-23-210820-150x150.png 150w, https:\/\/saudecajati.com.br\/wp-content\/uploads\/2024\/11\/Captura-de-tela-2024-11-23-210820-768x766.png 768w, https:\/\/saudecajati.com.br\/wp-content\/uploads\/2024\/11\/Captura-de-tela-2024-11-23-210820.png 896w\" sizes=\"(max-width: 300px) 100vw, 300px\" \/><\/div>\n\t\t<\/a>\n\t\t\t\t<div class=\"elementor-post__text\">\n\t\t\t\t<h3 class=\"elementor-post__title\">\n\t\t\t<a href=\"https:\/\/saudecajati.com.br\/index.php\/2024\/11\/23\/data-do-curso-para-os-agentes-comunitarios-de-saude-e-de-combate-as-endemias-foi-adiada\/\" >\n\t\t\t\tCURSO PARA ACS E ACE ADIADO\t\t\t<\/a>\n\t\t<\/h3>\n\t\t\n\t\t<a class=\"elementor-post__read-more\" href=\"https:\/\/saudecajati.com.br\/index.php\/2024\/11\/23\/data-do-curso-para-os-agentes-comunitarios-de-saude-e-de-combate-as-endemias-foi-adiada\/\" >\n\t\t\tLeia Mais \u00bb\t\t<\/a>\n\n\t\t\t\t<\/div>\n\t\t\t\t<\/article>\n\t\t\t\t<article class=\"elementor-post elementor-grid-item post-1497 post type-post status-publish format-standard has-post-thumbnail hentry category-sem-categoria\">\n\t\t\t\t<a class=\"elementor-post__thumbnail__link\" href=\"https:\/\/saudecajati.com.br\/index.php\/2024\/11\/17\/farmacia-central-informa-alteracao-de-horario-de-funcionamento\/\" >\n\t\t\t<div class=\"elementor-post__thumbnail\"><img loading=\"lazy\" decoding=\"async\" width=\"300\" height=\"206\" src=\"https:\/\/saudecajati.com.br\/wp-content\/uploads\/2024\/11\/d2aedc5f65fa6fff64cd8dde09367337-300x206.png\" class=\"attachment-medium size-medium wp-image-1498\" alt=\"\" srcset=\"https:\/\/saudecajati.com.br\/wp-content\/uploads\/2024\/11\/d2aedc5f65fa6fff64cd8dde09367337-300x206.png 300w, https:\/\/saudecajati.com.br\/wp-content\/uploads\/2024\/11\/d2aedc5f65fa6fff64cd8dde09367337.png 651w\" sizes=\"(max-width: 300px) 100vw, 300px\" \/><\/div>\n\t\t<\/a>\n\t\t\t\t<div class=\"elementor-post__text\">\n\t\t\t\t<h3 class=\"elementor-post__title\">\n\t\t\t<a href=\"https:\/\/saudecajati.com.br\/index.php\/2024\/11\/17\/farmacia-central-informa-alteracao-de-horario-de-funcionamento\/\" >\n\t\t\t\tFarm\u00e1cia Central informa altera\u00e7\u00e3o de hor\u00e1rio de funcionamento\t\t\t<\/a>\n\t\t<\/h3>\n\t\t\n\t\t<a class=\"elementor-post__read-more\" href=\"https:\/\/saudecajati.com.br\/index.php\/2024\/11\/17\/farmacia-central-informa-alteracao-de-horario-de-funcionamento\/\" >\n\t\t\tLeia Mais \u00bb\t\t<\/a>\n\n\t\t\t\t<\/div>\n\t\t\t\t<\/article>\n\t\t\t\t<\/div>\n\n\n\t\t\n\t\t\t\t\t\t<\/div>\n\t\t\t\t<\/div>\n\t\t\t\t\t<\/div>\n\t\t\t\t<\/div>\n\t\t\t\t<\/div>\n\t\t","protected":false},"excerpt":{"rendered":"<p>Not\u00edcias<\/p>\n","protected":false},"author":1,"featured_media":0,"parent":0,"menu_order":0,"comment_status":"closed","ping_status":"closed","template":"elementor_header_footer","meta":{"inline_featured_image":false,"footnotes":""},"class_list":["post-1406","page","type-page","status-publish","hentry"],"_links":{"self":[{"href":"https:\/\/saudecajati.com.br\/index.php\/wp-json\/wp\/v2\/pages\/1406","targetHints":{"allow":["GET"]}}],"collection":[{"href":"https:\/\/saudecajati.com.br\/index.php\/wp-json\/wp\/v2\/pages"}],"about":[{"href":"https:\/\/saudecajati.com.br\/index.php\/wp-json\/wp\/v2\/types\/page"}],"author":[{"embeddable":true,"href":"https:\/\/saudecajati.com.br\/index.php\/wp-json\/wp\/v2\/users\/1"}],"replies":[{"embeddable":true,"href":"https:\/\/saudecajati.com.br\/index.php\/wp-json\/wp\/v2\/comments?post=1406"}],"version-history":[{"count":37,"href":"https:\/\/saudecajati.com.br\/index.php\/wp-json\/wp\/v2\/pages\/1406\/revisions"}],"predecessor-version":[{"id":3815,"href":"https:\/\/saudecajati.com.br\/index.php\/wp-json\/wp\/v2\/pages\/1406\/revisions\/3815"}],"wp:attachment":[{"href":"https:\/\/saudecajati.com.br\/index.php\/wp-json\/wp\/v2\/media?parent=1406"}],"curies":[{"name":"wp","href":"https:\/\/api.w.org\/{rel}","templated":true}]}}